{"id":1057,"date":"2026-03-17T09:21:48","date_gmt":"2026-03-17T09:21:48","guid":{"rendered":"https:\/\/thefinancestock.com\/aleewebsol\/?page_id=1057"},"modified":"2026-04-09T02:43:33","modified_gmt":"2026-04-08T21:43:33","slug":"press-release","status":"publish","type":"page","link":"https:\/\/www.gaigi.org\/en\/press-release\/","title":{"rendered":"Press release"},"content":{"rendered":"<style>.elementor-1057 .elementor-element.elementor-element-b1b8961{--display:flex;--flex-direction:column;--container-widget-width:100%;--container-widget-height:initial;--container-widget-flex-grow:0;--container-widget-align-self:initial;--flex-wrap-mobile:wrap;--gap:0px 0px;--row-gap:0px;--column-gap:0px;--overlay-opacity:0.88;--margin-top:-140px;--margin-bottom:0px;--margin-left:0px;--margin-right:0px;--padding-top:200px;--padding-bottom:100px;--padding-left:0px;--padding-right:0px;}.elementor-1057 .elementor-element.elementor-element-b1b8961:not(.elementor-motion-effects-element-type-background), .elementor-1057 .elementor-element.elementor-element-b1b8961 > .elementor-motion-effects-container > .elementor-motion-effects-layer{background-image:url(\"https:\/\/www.gaigi.org\/wp-content\/uploads\/2026\/03\/a-body-of-water-with-a-bridge-and-a-ferris-wheel-in-the-background-xa2i2bfx86a-1024x683-1.jpeg\");background-position:center center;background-repeat:no-repeat;background-size:cover;}.elementor-1057 .elementor-element.elementor-element-b1b8961::before, .elementor-1057 .elementor-element.elementor-element-b1b8961 > .elementor-background-video-container::before, .elementor-1057 .elementor-element.elementor-element-b1b8961 > .e-con-inner > .elementor-background-video-container::before, .elementor-1057 .elementor-element.elementor-element-b1b8961 > .elementor-background-slideshow::before, .elementor-1057 .elementor-element.elementor-element-b1b8961 > .e-con-inner > .elementor-background-slideshow::before, .elementor-1057 .elementor-element.elementor-element-b1b8961 > .elementor-motion-effects-container > .elementor-motion-effects-layer::before{--background-overlay:'';background-color:var( --e-global-color-accent );}.elementor-1057 .elementor-element.elementor-element-4e32649{--display:flex;--flex-direction:column;--container-widget-width:100%;--container-widget-height:initial;--container-widget-flex-grow:0;--container-widget-align-self:initial;--flex-wrap-mobile:wrap;--margin-top:0px;--margin-bottom:0px;--margin-left:0px;--margin-right:0px;--padding-top:0px;--padding-bottom:0px;--padding-left:0px;--padding-right:0px;}.elementor-1057 .elementor-element.elementor-element-9033201{--display:flex;--flex-direction:row;--container-widget-width:initial;--container-widget-height:100%;--container-widget-flex-grow:1;--container-widget-align-self:stretch;--flex-wrap-mobile:wrap;--gap:7px 7px;--row-gap:7px;--column-gap:7px;border-style:none;--border-style:none;--border-radius:50px 50px 50px 50px;--margin-top:0px;--margin-bottom:0px;--margin-left:0px;--margin-right:0px;--padding-top:10px;--padding-bottom:0px;--padding-left:12px;--padding-right:10px;}.elementor-1057 .elementor-element.elementor-element-8159793{font-family:\"Nunito\", Sans-serif;font-size:18px;font-weight:700;color:var( --e-global-color-cb278b1 );}.elementor-1057 .elementor-element.elementor-element-8159793 p{margin-block-end:0px;}.elementor-1057 .elementor-element.elementor-element-4ffda77{--display:flex;--flex-direction:column;--container-widget-width:100%;--container-widget-height:initial;--container-widget-flex-grow:0;--container-widget-align-self:initial;--flex-wrap-mobile:wrap;--margin-top:0px;--margin-bottom:0px;--margin-left:0px;--margin-right:0px;--padding-top:0px;--padding-bottom:0px;--padding-left:0px;--padding-right:0px;}.elementor-1057 .elementor-element.elementor-element-d7403fe{--display:flex;--margin-top:0px;--margin-bottom:0px;--margin-left:0px;--margin-right:0px;--padding-top:0px;--padding-bottom:0px;--padding-left:0px;--padding-right:0px;}.elementor-1057 .elementor-element.elementor-element-6a21cdb{text-align:start;width:var( --container-widget-width, 90% );max-width:90%;--container-widget-width:90%;--container-widget-flex-grow:0;}.elementor-1057 .elementor-element.elementor-element-6a21cdb .elementor-heading-title{font-family:\"Inter Tight\", Sans-serif;font-size:3em;font-weight:700;letter-spacing:-1.5px;color:var( --e-global-color-e6ed2c0 );}.elementor-1057 .elementor-element.elementor-element-e44128e{font-family:\"Inter\", Sans-serif;color:var( --e-global-color-text );}.elementor-1057 .elementor-element.elementor-element-729454b{--display:flex;--flex-direction:column;--container-widget-width:100%;--container-widget-height:initial;--container-widget-flex-grow:0;--container-widget-align-self:initial;--flex-wrap-mobile:wrap;--padding-top:50px;--padding-bottom:50px;--padding-left:0px;--padding-right:0px;}.elementor-1057 .elementor-element.elementor-element-bf00363{--grid-columns:3;}@media(min-width:768px){.elementor-1057 .elementor-element.elementor-element-4e32649{--width:75%;}.elementor-1057 .elementor-element.elementor-element-9033201{--width:100%;}}@media(max-width:1024px){.elementor-1057 .elementor-element.elementor-element-b1b8961{--padding-top:200px;--padding-bottom:100px;--padding-left:30px;--padding-right:30px;}.elementor-1057 .elementor-element.elementor-element-8159793{font-size:0.8em;}.elementor-1057 .elementor-element.elementor-element-6a21cdb .elementor-heading-title{font-size:4em;letter-spacing:0.8px;}.elementor-1057 .elementor-element.elementor-element-6a21cdb{--container-widget-width:100%;--container-widget-flex-grow:0;width:var( --container-widget-width, 100% );max-width:100%;}.elementor-1057 .elementor-element.elementor-element-bf00363{--grid-columns:2;}}@media(max-width:767px){.elementor-1057 .elementor-element.elementor-element-b1b8961{--padding-top:200px;--padding-bottom:100px;--padding-left:20px;--padding-right:20px;}.elementor-1057 .elementor-element.elementor-element-9033201{--align-items:center;--container-widget-width:calc( ( 1 - var( --container-widget-flex-grow ) ) * 100% );--gap:10px 10px;--row-gap:10px;--column-gap:10px;--flex-wrap:nowrap;--border-radius:2px 2px 2px 2px;--padding-top:0px;--padding-bottom:0px;--padding-left:0px;--padding-right:0px;}.elementor-1057 .elementor-element.elementor-element-8159793{font-size:1.1em;line-height:0.1em;padding:0px 0px 0px 0px;}.elementor-1057 .elementor-element.elementor-element-8159793 p{margin-block-end:0px;}.elementor-1057 .elementor-element.elementor-element-6a21cdb .elementor-heading-title{font-size:2em;letter-spacing:-0.5px;}.elementor-1057 .elementor-element.elementor-element-e44128e{font-size:18px;}.elementor-1057 .elementor-element.elementor-element-729454b{--padding-top:30px;--padding-bottom:30px;--padding-left:10px;--padding-right:10px;}.elementor-1057 .elementor-element.elementor-element-bf00363{--grid-columns:1;}}<\/style>\t\t<div data-elementor-type=\"wp-page\" data-elementor-id=\"1057\" class=\"elementor elementor-1057\" data-elementor-post-type=\"page\">\n\t\t\t\t<div class=\"elementor-element elementor-element-b1b8961 e-flex e-con-boxed e-con e-parent\" data-id=\"b1b8961\" data-element_type=\"container\" data-e-type=\"container\" data-settings=\"{&quot;background_background&quot;:&quot;classic&quot;}\">\n\t\t\t\t\t<div class=\"e-con-inner\">\n\t\t<div class=\"elementor-element elementor-element-4e32649 e-con-full e-flex e-con e-child\" data-id=\"4e32649\" data-element_type=\"container\" data-e-type=\"container\">\n\t\t<div class=\"elementor-element elementor-element-9033201 e-con-full e-flex elementor-invisible e-con e-child\" data-id=\"9033201\" data-element_type=\"container\" data-e-type=\"container\" data-settings=\"{&quot;animation&quot;:&quot;fadeInUp&quot;}\">\n\t\t\t\t<div class=\"elementor-element elementor-element-8159793 elementor-widget elementor-widget-text-editor\" data-id=\"8159793\" data-element_type=\"widget\" data-e-type=\"widget\" data-widget_type=\"text-editor.default\">\n\t\t\t\t\t\t\t\t\tMedia\t\t\t\t\t\t\t\t<\/div>\n\t\t\t\t<\/div>\n\t\t<div class=\"elementor-element elementor-element-4ffda77 e-con-full e-flex e-con e-child\" data-id=\"4ffda77\" data-element_type=\"container\" data-e-type=\"container\">\n\t\t<div class=\"elementor-element elementor-element-d7403fe e-con-full e-flex e-con e-child\" data-id=\"d7403fe\" data-element_type=\"container\" data-e-type=\"container\">\n\t\t\t\t<div class=\"elementor-element elementor-element-6a21cdb elementor-widget__width-initial elementor-invisible elementor-widget elementor-widget-heading\" data-id=\"6a21cdb\" data-element_type=\"widget\" data-e-type=\"widget\" data-settings=\"{&quot;_animation&quot;:&quot;fadeInUp&quot;}\" data-widget_type=\"heading.default\">\n\t\t\t\t\t<h2 class=\"elementor-heading-title elementor-size-default\">Press release<\/h2>\t\t\t\t<\/div>\n\t\t\t\t<div class=\"elementor-element elementor-element-e44128e elementor-widget elementor-widget-text-editor\" data-id=\"e44128e\" data-element_type=\"widget\" data-e-type=\"widget\" data-widget_type=\"text-editor.default\">\n\t\t\t\t\t\t\t\t\t<p>At GAIGI, we offer strategic solutions to improve the governance of artificial intelligence, combining technical expertise and practical recommendations to promote responsible AI that benefits everyone.<\/p>\t\t\t\t\t\t\t\t<\/div>\n\t\t\t\t<\/div>\n\t\t\t\t<\/div>\n\t\t\t\t<\/div>\n\t\t\t\t\t<\/div>\n\t\t\t\t<\/div>\n\t\t<div class=\"elementor-element elementor-element-729454b e-flex e-con-boxed e-con e-parent\" data-id=\"729454b\" data-element_type=\"container\" data-e-type=\"container\">\n\t\t\t\t\t<div class=\"e-con-inner\">\n\t\t\t\t<div class=\"elementor-element elementor-element-bf00363 elementor-grid-3 elementor-grid-tablet-2 elementor-grid-mobile-1 elementor-widget elementor-widget-loop-grid\" data-id=\"bf00363\" data-element_type=\"widget\" data-e-type=\"widget\" data-settings=\"{&quot;template_id&quot;:&quot;1228&quot;,&quot;columns&quot;:3,&quot;_skin&quot;:&quot;post&quot;,&quot;columns_tablet&quot;:&quot;2&quot;,&quot;columns_mobile&quot;:&quot;1&quot;,&quot;edit_handle_selector&quot;:&quot;[data-elementor-type=\\&quot;loop-item\\&quot;]&quot;,&quot;row_gap&quot;:{&quot;unit&quot;:&quot;px&quot;,&quot;size&quot;:&quot;&quot;,&quot;sizes&quot;:[]},&quot;row_gap_tablet&quot;:{&quot;unit&quot;:&quot;px&quot;,&quot;size&quot;:&quot;&quot;,&quot;sizes&quot;:[]},&quot;row_gap_mobile&quot;:{&quot;unit&quot;:&quot;px&quot;,&quot;size&quot;:&quot;&quot;,&quot;sizes&quot;:[]}}\" data-widget_type=\"loop-grid.post\">\n\t\t\t\t\t\t\t<div class=\"elementor-loop-container elementor-grid\" role=\"list\">\n\t\t<style id=\"loop-1228\">.elementor-1228 .elementor-element.elementor-element-2901f29{--display:flex;--flex-direction:column;--container-widget-width:100%;--container-widget-height:initial;--container-widget-flex-grow:0;--container-widget-align-self:initial;--flex-wrap-mobile:wrap;--gap:10px 0px;--row-gap:10px;--column-gap:0px;border-style:solid;--border-style:solid;border-width:1px 1px 1px 1px;--border-top-width:1px;--border-right-width:1px;--border-bottom-width:1px;--border-left-width:1px;border-color:#E0E0E0;--border-color:#E0E0E0;}.elementor-1228 .elementor-element.elementor-element-cc0fbf4 img{width:100%;height:385px;object-fit:cover;object-position:center center;filter:brightness( 64% ) contrast( 100% ) saturate( 100% ) blur( 0px ) hue-rotate( 0deg );transition-duration:0.6s;}.elementor-1228 .elementor-element.elementor-element-cc0fbf4:hover img{filter:brightness( 100% ) contrast( 100% ) saturate( 100% ) blur( 0px ) hue-rotate( 0deg );}.elementor-1228 .elementor-element.elementor-element-0a6b5c1 .elementor-heading-title{font-family:\"Inter\", Sans-serif;font-size:18px;}.elementor-1228 .elementor-element.elementor-element-c69d7e6 .elementor-button{font-family:\"Montserrat\", Sans-serif;font-weight:700;text-transform:uppercase;font-style:italic;padding:10px 0px 10px 0px;}.elementor-1228 .elementor-element.elementor-element-c69d7e6 .elementor-button:hover, .elementor-1228 .elementor-element.elementor-element-c69d7e6 .elementor-button:focus{color:var( --e-global-color-72c466f );background-color:var( --e-global-color-text );}.elementor-1228 .elementor-element.elementor-element-c69d7e6 .elementor-button:hover svg, .elementor-1228 .elementor-element.elementor-element-c69d7e6 .elementor-button:focus svg{fill:var( --e-global-color-72c466f );}<\/style>\t\t<div data-elementor-type=\"loop-item\" data-elementor-id=\"1228\" class=\"elementor elementor-1228 e-loop-item e-loop-item-1463 post-1463 press-release type-press-release status-publish hentry\" data-elementor-post-type=\"elementor_library\" data-custom-edit-handle=\"1\">\n\t\t\t<div class=\"elementor-element elementor-element-2901f29 e-flex e-con-boxed e-con e-parent\" data-id=\"2901f29\" data-element_type=\"container\" data-e-type=\"container\">\n\t\t\t\t\t<div class=\"e-con-inner\">\n\t\t\t\t<div class=\"elementor-element elementor-element-0a6b5c1 elementor-widget elementor-widget-theme-post-title elementor-page-title elementor-widget-heading\" data-id=\"0a6b5c1\" data-element_type=\"widget\" data-e-type=\"widget\" data-widget_type=\"theme-post-title.default\">\n\t\t\t\t\t<h3 class=\"elementor-heading-title elementor-size-default\">Le GAIGI lance le \u00ab\u00a0Pacte de Gen\u00e8ve pour la confiance num\u00e9rique\u00a0\u00bb \u2014 un m\u00e9canisme neutre pour rendre la coop\u00e9ration sur l\u2019IA op\u00e9rable<\/h3>\t\t\t\t<\/div>\n\t\t\t\t<div class=\"elementor-element elementor-element-c69d7e6 elementor-align-justify elementor-widget elementor-widget-button\" data-id=\"c69d7e6\" data-element_type=\"widget\" data-e-type=\"widget\" data-widget_type=\"button.default\">\n\t\t\t\t\t\t\t\t\t\t<a class=\"elementor-button elementor-size-sm\" role=\"button\">\n\t\t\t\t\t\t<span class=\"elementor-button-content-wrapper\">\n\t\t\t\t\t\t\t\t\t<span class=\"elementor-button-text\">View Detail<\/span>\n\t\t\t\t\t<\/span>\n\t\t\t\t\t<\/a>\n\t\t\t\t\t\t\t\t<\/div>\n\t\t\t\t\t<\/div>\n\t\t\t\t<\/div>\n\t\t\t\t<\/div>\n\t\t\t\t<div data-elementor-type=\"loop-item\" data-elementor-id=\"1228\" class=\"elementor elementor-1228 e-loop-item e-loop-item-1456 post-1456 press-release type-press-release status-publish hentry\" data-elementor-post-type=\"elementor_library\" data-custom-edit-handle=\"1\">\n\t\t\t<div class=\"elementor-element elementor-element-2901f29 e-flex e-con-boxed e-con e-parent\" data-id=\"2901f29\" data-element_type=\"container\" data-e-type=\"container\">\n\t\t\t\t\t<div class=\"e-con-inner\">\n\t\t\t\t<div class=\"elementor-element elementor-element-0a6b5c1 elementor-widget elementor-widget-theme-post-title elementor-page-title elementor-widget-heading\" data-id=\"0a6b5c1\" data-element_type=\"widget\" data-e-type=\"widget\" data-widget_type=\"theme-post-title.default\">\n\t\t\t\t\t<h3 class=\"elementor-heading-title elementor-size-default\">Programme pilote APEBI-GAIGI : le Maroc devient le premier terrain d\u2019exp\u00e9rimentation de la certification IA multi-juridictionnelle<\/h3>\t\t\t\t<\/div>\n\t\t\t\t<div class=\"elementor-element elementor-element-c69d7e6 elementor-align-justify elementor-widget elementor-widget-button\" data-id=\"c69d7e6\" data-element_type=\"widget\" data-e-type=\"widget\" data-widget_type=\"button.default\">\n\t\t\t\t\t\t\t\t\t\t<a class=\"elementor-button elementor-size-sm\" role=\"button\">\n\t\t\t\t\t\t<span class=\"elementor-button-content-wrapper\">\n\t\t\t\t\t\t\t\t\t<span class=\"elementor-button-text\">View Detail<\/span>\n\t\t\t\t\t<\/span>\n\t\t\t\t\t<\/a>\n\t\t\t\t\t\t\t\t<\/div>\n\t\t\t\t\t<\/div>\n\t\t\t\t<\/div>\n\t\t\t\t<\/div>\n\t\t\t\t<div data-elementor-type=\"loop-item\" data-elementor-id=\"1228\" class=\"elementor elementor-1228 e-loop-item e-loop-item-1455 post-1455 press-release type-press-release status-publish hentry\" data-elementor-post-type=\"elementor_library\" data-custom-edit-handle=\"1\">\n\t\t\t<div class=\"elementor-element elementor-element-2901f29 e-flex e-con-boxed e-con e-parent\" data-id=\"2901f29\" data-element_type=\"container\" data-e-type=\"container\">\n\t\t\t\t\t<div class=\"e-con-inner\">\n\t\t\t\t<div class=\"elementor-element elementor-element-0a6b5c1 elementor-widget elementor-widget-theme-post-title elementor-page-title elementor-widget-heading\" data-id=\"0a6b5c1\" data-element_type=\"widget\" data-e-type=\"widget\" data-widget_type=\"theme-post-title.default\">\n\t\t\t\t\t<h3 class=\"elementor-heading-title elementor-size-default\">Le GAIGI publie le premier outil open source de cartographie de 7 cadres r\u00e9glementaires mondiaux de l\u2019IA<\/h3>\t\t\t\t<\/div>\n\t\t\t\t<div class=\"elementor-element elementor-element-c69d7e6 elementor-align-justify elementor-widget elementor-widget-button\" data-id=\"c69d7e6\" data-element_type=\"widget\" data-e-type=\"widget\" data-widget_type=\"button.default\">\n\t\t\t\t\t\t\t\t\t\t<a class=\"elementor-button elementor-size-sm\" role=\"button\">\n\t\t\t\t\t\t<span class=\"elementor-button-content-wrapper\">\n\t\t\t\t\t\t\t\t\t<span class=\"elementor-button-text\">View Detail<\/span>\n\t\t\t\t\t<\/span>\n\t\t\t\t\t<\/a>\n\t\t\t\t\t\t\t\t<\/div>\n\t\t\t\t\t<\/div>\n\t\t\t\t<\/div>\n\t\t\t\t<\/div>\n\t\t\t\t<div data-elementor-type=\"loop-item\" data-elementor-id=\"1228\" class=\"elementor elementor-1228 e-loop-item e-loop-item-1454 post-1454 press-release type-press-release status-publish hentry\" data-elementor-post-type=\"elementor_library\" data-custom-edit-handle=\"1\">\n\t\t\t<div class=\"elementor-element elementor-element-2901f29 e-flex e-con-boxed e-con e-parent\" data-id=\"2901f29\" data-element_type=\"container\" data-e-type=\"container\">\n\t\t\t\t\t<div class=\"e-con-inner\">\n\t\t\t\t<div class=\"elementor-element elementor-element-0a6b5c1 elementor-widget elementor-widget-theme-post-title elementor-page-title elementor-widget-heading\" data-id=\"0a6b5c1\" data-element_type=\"widget\" data-e-type=\"widget\" data-widget_type=\"theme-post-title.default\">\n\t\t\t\t\t<h3 class=\"elementor-heading-title elementor-size-default\">Le GAIGI pr\u00e9sente le Geneva Bridge \u00e0 la Conf\u00e9rence minist\u00e9rielle MC14 de l\u2019OMC \u00e0 Yaound\u00e9<\/h3>\t\t\t\t<\/div>\n\t\t\t\t<div class=\"elementor-element elementor-element-c69d7e6 elementor-align-justify elementor-widget elementor-widget-button\" data-id=\"c69d7e6\" data-element_type=\"widget\" data-e-type=\"widget\" data-widget_type=\"button.default\">\n\t\t\t\t\t\t\t\t\t\t<a class=\"elementor-button elementor-size-sm\" role=\"button\">\n\t\t\t\t\t\t<span class=\"elementor-button-content-wrapper\">\n\t\t\t\t\t\t\t\t\t<span class=\"elementor-button-text\">View Detail<\/span>\n\t\t\t\t\t<\/span>\n\t\t\t\t\t<\/a>\n\t\t\t\t\t\t\t\t<\/div>\n\t\t\t\t\t<\/div>\n\t\t\t\t<\/div>\n\t\t\t\t<\/div>\n\t\t\t\t<div data-elementor-type=\"loop-item\" data-elementor-id=\"1228\" class=\"elementor elementor-1228 e-loop-item e-loop-item-1569 post-1569 press-release type-press-release status-publish hentry\" data-elementor-post-type=\"elementor_library\" data-custom-edit-handle=\"1\">\n\t\t\t<div class=\"elementor-element elementor-element-2901f29 e-flex e-con-boxed e-con e-parent\" data-id=\"2901f29\" data-element_type=\"container\" data-e-type=\"container\">\n\t\t\t\t\t<div class=\"e-con-inner\">\n\t\t\t\t<div class=\"elementor-element elementor-element-0a6b5c1 elementor-widget elementor-widget-theme-post-title elementor-page-title elementor-widget-heading\" data-id=\"0a6b5c1\" data-element_type=\"widget\" data-e-type=\"widget\" data-widget_type=\"theme-post-title.default\">\n\t\t\t\t\t<h3 class=\"elementor-heading-title elementor-size-default\">La Tribune \u2013 Le GAIGI ouvre une voie pour l&rsquo;Afrique<\/h3>\t\t\t\t<\/div>\n\t\t\t\t<div class=\"elementor-element elementor-element-c69d7e6 elementor-align-justify elementor-widget elementor-widget-button\" data-id=\"c69d7e6\" data-element_type=\"widget\" data-e-type=\"widget\" data-widget_type=\"button.default\">\n\t\t\t\t\t\t\t\t\t\t<a class=\"elementor-button elementor-button-link elementor-size-sm\" href=\"https:\/\/fr.linkedin.com\/posts\/gaigi_ia-aigovernance-mc14-activity-7445070774438158336-Pgpr\" target=\"_blank\">\n\t\t\t\t\t\t<span class=\"elementor-button-content-wrapper\">\n\t\t\t\t\t\t\t\t\t<span class=\"elementor-button-text\">View Detail<\/span>\n\t\t\t\t\t<\/span>\n\t\t\t\t\t<\/a>\n\t\t\t\t\t\t\t\t<\/div>\n\t\t\t\t\t<\/div>\n\t\t\t\t<\/div>\n\t\t\t\t<\/div>\n\t\t\t\t<\/div>\n\t\t\n\t\t\t\t\t\t<\/div>\n\t\t\t\t\t<\/div>\n\t\t\t\t<\/div>\n\t\t\t\t<\/div>\n\t\t","protected":false},"excerpt":{"rendered":"<p>Media Press release At GAIGI, we offer strategic solutions to improve the governance of artificial intelligence, combining technical expertise and [&hellip;]<\/p>\n","protected":false},"author":1,"featured_media":0,"parent":0,"menu_order":0,"comment_status":"closed","ping_status":"closed","template":"","meta":{"_acf_changed":false,"site-sidebar-layout":"no-sidebar","site-content-layout":"","ast-site-content-layout":"full-width-container","site-content-style":"default","site-sidebar-style":"default","ast-global-header-display":"","ast-banner-title-visibility":"","ast-main-header-display":"","ast-hfb-above-header-display":"","ast-hfb-below-header-display":"","ast-hfb-mobile-header-display":"","site-post-title":"","ast-breadcrumbs-content":"","ast-featured-img":"disabled","footer-sml-layout":"","ast-disable-related-posts":"","theme-transparent-header-meta":"","adv-header-id-meta":"","stick-header-meta":"","header-above-stick-meta":"","header-main-stick-meta":"","header-below-stick-meta":"","astra-migrate-meta-layouts":"default","ast-page-background-enabled":"default","ast-page-background-meta":{"desktop":{"background-color":"var(--ast-global-color-5)","background-image":"","background-repeat":"repeat","background-position":"center center","background-size":"auto","background-attachment":"scroll","background-type":"","background-media":"","overlay-type":"","overlay-color":"","overlay-opacity":"","overlay-gradient":""},"tablet":{"background-color":"","background-image":"","background-repeat":"repeat","background-position":"center center","background-size":"auto","background-attachment":"scroll","background-type":"","background-media":"","overlay-type":"","overlay-color":"","overlay-opacity":"","overlay-gradient":""},"mobile":{"background-color":"","background-image":"","background-repeat":"repeat","background-position":"center center","background-size":"auto","background-attachment":"scroll","background-type":"","background-media":"","overlay-type":"","overlay-color":"","overlay-opacity":"","overlay-gradient":""}},"ast-content-background-meta":{"desktop":{"background-color":"var(--ast-global-color-4)","background-image":"","background-repeat":"repeat","background-position":"center center","background-size":"auto","background-attachment":"scroll","background-type":"","background-media":"","overlay-type":"","overlay-color":"","overlay-opacity":"","overlay-gradient":""},"tablet":{"background-color":"var(--ast-global-color-4)","background-image":"","background-repeat":"repeat","background-position":"center center","background-size":"auto","background-attachment":"scroll","background-type":"","background-media":"","overlay-type":"","overlay-color":"","overlay-opacity":"","overlay-gradient":""},"mobile":{"background-color":"var(--ast-global-color-4)","background-image":"","background-repeat":"repeat","background-position":"center center","background-size":"auto","background-attachment":"scroll","background-type":"","background-media":"","overlay-type":"","overlay-color":"","overlay-opacity":"","overlay-gradient":""}},"footnotes":""},"class_list":["post-1057","page","type-page","status-publish","hentry"],"acf":[],"_links":{"self":[{"href":"https:\/\/www.gaigi.org\/en\/wp-json\/wp\/v2\/pages\/1057","targetHints":{"allow":["GET"]}}],"collection":[{"href":"https:\/\/www.gaigi.org\/en\/wp-json\/wp\/v2\/pages"}],"about":[{"href":"https:\/\/www.gaigi.org\/en\/wp-json\/wp\/v2\/types\/page"}],"author":[{"embeddable":true,"href":"https:\/\/www.gaigi.org\/en\/wp-json\/wp\/v2\/users\/1"}],"replies":[{"embeddable":true,"href":"https:\/\/www.gaigi.org\/en\/wp-json\/wp\/v2\/comments?post=1057"}],"version-history":[{"count":20,"href":"https:\/\/www.gaigi.org\/en\/wp-json\/wp\/v2\/pages\/1057\/revisions"}],"predecessor-version":[{"id":1607,"href":"https:\/\/www.gaigi.org\/en\/wp-json\/wp\/v2\/pages\/1057\/revisions\/1607"}],"wp:attachment":[{"href":"https:\/\/www.gaigi.org\/en\/wp-json\/wp\/v2\/media?parent=1057"}],"curies":[{"name":"wp","href":"https:\/\/api.w.org\/{rel}","templated":true}]}}