{"id":1055,"date":"2026-03-17T09:21:23","date_gmt":"2026-03-17T09:21:23","guid":{"rendered":"https:\/\/thefinancestock.com\/aleewebsol\/?page_id=1055"},"modified":"2026-04-09T02:41:49","modified_gmt":"2026-04-08T21:41:49","slug":"blog","status":"publish","type":"page","link":"https:\/\/www.gaigi.org\/en\/blog\/","title":{"rendered":"Blog"},"content":{"rendered":"<style>.elementor-1055 .elementor-element.elementor-element-b928888{--display:flex;--flex-direction:column;--container-widget-width:100%;--container-widget-height:initial;--container-widget-flex-grow:0;--container-widget-align-self:initial;--flex-wrap-mobile:wrap;--gap:0px 0px;--row-gap:0px;--column-gap:0px;--overlay-opacity:0.88;--margin-top:-140px;--margin-bottom:0px;--margin-left:0px;--margin-right:0px;--padding-top:200px;--padding-bottom:100px;--padding-left:0px;--padding-right:0px;}.elementor-1055 .elementor-element.elementor-element-b928888:not(.elementor-motion-effects-element-type-background), .elementor-1055 .elementor-element.elementor-element-b928888 > .elementor-motion-effects-container > .elementor-motion-effects-layer{background-image:url(\"https:\/\/www.gaigi.org\/wp-content\/uploads\/2026\/03\/a-body-of-water-with-a-bridge-and-a-ferris-wheel-in-the-background-xa2i2bfx86a-1024x683-1.jpeg\");background-position:center center;background-repeat:no-repeat;background-size:cover;}.elementor-1055 .elementor-element.elementor-element-b928888::before, .elementor-1055 .elementor-element.elementor-element-b928888 > .elementor-background-video-container::before, .elementor-1055 .elementor-element.elementor-element-b928888 > .e-con-inner > .elementor-background-video-container::before, .elementor-1055 .elementor-element.elementor-element-b928888 > .elementor-background-slideshow::before, .elementor-1055 .elementor-element.elementor-element-b928888 > .e-con-inner > .elementor-background-slideshow::before, .elementor-1055 .elementor-element.elementor-element-b928888 > .elementor-motion-effects-container > .elementor-motion-effects-layer::before{--background-overlay:'';background-color:var( --e-global-color-accent );}.elementor-1055 .elementor-element.elementor-element-967d4b5{--display:flex;--flex-direction:column;--container-widget-width:100%;--container-widget-height:initial;--container-widget-flex-grow:0;--container-widget-align-self:initial;--flex-wrap-mobile:wrap;--margin-top:0px;--margin-bottom:0px;--margin-left:0px;--margin-right:0px;--padding-top:0px;--padding-bottom:0px;--padding-left:0px;--padding-right:0px;}.elementor-1055 .elementor-element.elementor-element-a528189{--display:flex;--flex-direction:row;--container-widget-width:initial;--container-widget-height:100%;--container-widget-flex-grow:1;--container-widget-align-self:stretch;--flex-wrap-mobile:wrap;--gap:7px 7px;--row-gap:7px;--column-gap:7px;border-style:none;--border-style:none;--border-radius:50px 50px 50px 50px;--margin-top:0px;--margin-bottom:0px;--margin-left:0px;--margin-right:0px;--padding-top:10px;--padding-bottom:0px;--padding-left:12px;--padding-right:10px;}.elementor-1055 .elementor-element.elementor-element-e8c8f7f{font-family:\"Nunito\", Sans-serif;font-size:18px;font-weight:700;color:var( --e-global-color-cb278b1 );}.elementor-1055 .elementor-element.elementor-element-e8c8f7f p{margin-block-end:0px;}.elementor-1055 .elementor-element.elementor-element-0565465{--display:flex;--flex-direction:column;--container-widget-width:100%;--container-widget-height:initial;--container-widget-flex-grow:0;--container-widget-align-self:initial;--flex-wrap-mobile:wrap;--margin-top:0px;--margin-bottom:0px;--margin-left:0px;--margin-right:0px;--padding-top:0px;--padding-bottom:0px;--padding-left:0px;--padding-right:0px;}.elementor-1055 .elementor-element.elementor-element-8abae8d{--display:flex;--margin-top:0px;--margin-bottom:0px;--margin-left:0px;--margin-right:0px;--padding-top:0px;--padding-bottom:0px;--padding-left:0px;--padding-right:0px;}.elementor-1055 .elementor-element.elementor-element-5074879{text-align:start;width:var( --container-widget-width, 90% );max-width:90%;--container-widget-width:90%;--container-widget-flex-grow:0;}.elementor-1055 .elementor-element.elementor-element-5074879 .elementor-heading-title{font-family:\"Inter Tight\", Sans-serif;font-size:3em;font-weight:700;letter-spacing:-1.5px;color:var( --e-global-color-e6ed2c0 );}.elementor-1055 .elementor-element.elementor-element-b77e0bd{font-family:\"Inter\", Sans-serif;color:var( --e-global-color-text );}.elementor-1055 .elementor-element.elementor-element-0f8144a{--display:flex;--flex-direction:column;--container-widget-width:100%;--container-widget-height:initial;--container-widget-flex-grow:0;--container-widget-align-self:initial;--flex-wrap-mobile:wrap;--padding-top:50px;--padding-bottom:50px;--padding-left:0px;--padding-right:0px;}.elementor-1055 .elementor-element.elementor-element-c69a797{--grid-columns:3;}@media(min-width:768px){.elementor-1055 .elementor-element.elementor-element-967d4b5{--width:75%;}.elementor-1055 .elementor-element.elementor-element-a528189{--width:100%;}}@media(max-width:1024px){.elementor-1055 .elementor-element.elementor-element-b928888{--padding-top:200px;--padding-bottom:100px;--padding-left:30px;--padding-right:30px;}.elementor-1055 .elementor-element.elementor-element-e8c8f7f{font-size:0.8em;}.elementor-1055 .elementor-element.elementor-element-5074879 .elementor-heading-title{font-size:4em;letter-spacing:0.8px;}.elementor-1055 .elementor-element.elementor-element-5074879{--container-widget-width:100%;--container-widget-flex-grow:0;width:var( --container-widget-width, 100% );max-width:100%;}.elementor-1055 .elementor-element.elementor-element-c69a797{--grid-columns:2;}}@media(max-width:767px){.elementor-1055 .elementor-element.elementor-element-b928888{--padding-top:200px;--padding-bottom:100px;--padding-left:20px;--padding-right:20px;}.elementor-1055 .elementor-element.elementor-element-a528189{--align-items:center;--container-widget-width:calc( ( 1 - var( --container-widget-flex-grow ) ) * 100% );--gap:10px 10px;--row-gap:10px;--column-gap:10px;--flex-wrap:nowrap;--border-radius:2px 2px 2px 2px;--padding-top:0px;--padding-bottom:0px;--padding-left:0px;--padding-right:0px;}.elementor-1055 .elementor-element.elementor-element-e8c8f7f{font-size:1.1em;line-height:0.1em;padding:0px 0px 0px 0px;}.elementor-1055 .elementor-element.elementor-element-e8c8f7f p{margin-block-end:0px;}.elementor-1055 .elementor-element.elementor-element-5074879 .elementor-heading-title{font-size:2em;letter-spacing:-0.5px;}.elementor-1055 .elementor-element.elementor-element-b77e0bd{font-size:18px;}.elementor-1055 .elementor-element.elementor-element-0f8144a{--padding-top:30px;--padding-bottom:30px;--padding-left:10px;--padding-right:10px;}.elementor-1055 .elementor-element.elementor-element-c69a797{--grid-columns:1;}}<\/style>\t\t<div data-elementor-type=\"wp-page\" data-elementor-id=\"1055\" class=\"elementor elementor-1055\" data-elementor-post-type=\"page\">\n\t\t\t\t<div class=\"elementor-element elementor-element-b928888 e-flex e-con-boxed e-con e-parent\" data-id=\"b928888\" data-element_type=\"container\" data-e-type=\"container\" data-settings=\"{&quot;background_background&quot;:&quot;classic&quot;}\">\n\t\t\t\t\t<div class=\"e-con-inner\">\n\t\t<div class=\"elementor-element elementor-element-967d4b5 e-con-full e-flex e-con e-child\" data-id=\"967d4b5\" data-element_type=\"container\" data-e-type=\"container\">\n\t\t<div class=\"elementor-element elementor-element-a528189 e-con-full e-flex elementor-invisible e-con e-child\" data-id=\"a528189\" data-element_type=\"container\" data-e-type=\"container\" data-settings=\"{&quot;animation&quot;:&quot;fadeInUp&quot;}\">\n\t\t\t\t<div class=\"elementor-element elementor-element-e8c8f7f elementor-widget elementor-widget-text-editor\" data-id=\"e8c8f7f\" data-element_type=\"widget\" data-e-type=\"widget\" data-widget_type=\"text-editor.default\">\n\t\t\t\t\t\t\t\t\t<p>Media<\/p>\t\t\t\t\t\t\t\t<\/div>\n\t\t\t\t<\/div>\n\t\t<div class=\"elementor-element elementor-element-0565465 e-con-full e-flex e-con e-child\" data-id=\"0565465\" data-element_type=\"container\" data-e-type=\"container\">\n\t\t<div class=\"elementor-element elementor-element-8abae8d e-con-full e-flex e-con e-child\" data-id=\"8abae8d\" data-element_type=\"container\" data-e-type=\"container\">\n\t\t\t\t<div class=\"elementor-element elementor-element-5074879 elementor-widget__width-initial elementor-invisible elementor-widget elementor-widget-heading\" data-id=\"5074879\" data-element_type=\"widget\" data-e-type=\"widget\" data-settings=\"{&quot;_animation&quot;:&quot;fadeInUp&quot;}\" data-widget_type=\"heading.default\">\n\t\t\t\t\t<h2 class=\"elementor-heading-title elementor-size-default\">News &amp; Blog<\/h2>\t\t\t\t<\/div>\n\t\t\t\t<div class=\"elementor-element elementor-element-b77e0bd elementor-widget elementor-widget-text-editor\" data-id=\"b77e0bd\" data-element_type=\"widget\" data-e-type=\"widget\" data-widget_type=\"text-editor.default\">\n\t\t\t\t\t\t\t\t\t<p>Explore our latest insights on AI governance, digital diplomacy, and the policies shaping the future of responsible artificial intelligence.<\/p>\t\t\t\t\t\t\t\t<\/div>\n\t\t\t\t<\/div>\n\t\t\t\t<\/div>\n\t\t\t\t<\/div>\n\t\t\t\t\t<\/div>\n\t\t\t\t<\/div>\n\t\t<div class=\"elementor-element elementor-element-0f8144a e-flex e-con-boxed e-con e-parent\" data-id=\"0f8144a\" data-element_type=\"container\" data-e-type=\"container\">\n\t\t\t\t\t<div class=\"e-con-inner\">\n\t\t\t\t<div class=\"elementor-element elementor-element-c69a797 elementor-grid-3 elementor-grid-tablet-2 elementor-grid-mobile-1 elementor-widget elementor-widget-loop-grid\" data-id=\"c69a797\" data-element_type=\"widget\" data-e-type=\"widget\" data-settings=\"{&quot;template_id&quot;:&quot;1292&quot;,&quot;columns&quot;:3,&quot;_skin&quot;:&quot;post&quot;,&quot;columns_tablet&quot;:&quot;2&quot;,&quot;columns_mobile&quot;:&quot;1&quot;,&quot;edit_handle_selector&quot;:&quot;[data-elementor-type=\\&quot;loop-item\\&quot;]&quot;,&quot;row_gap&quot;:{&quot;unit&quot;:&quot;px&quot;,&quot;size&quot;:&quot;&quot;,&quot;sizes&quot;:[]},&quot;row_gap_tablet&quot;:{&quot;unit&quot;:&quot;px&quot;,&quot;size&quot;:&quot;&quot;,&quot;sizes&quot;:[]},&quot;row_gap_mobile&quot;:{&quot;unit&quot;:&quot;px&quot;,&quot;size&quot;:&quot;&quot;,&quot;sizes&quot;:[]}}\" data-widget_type=\"loop-grid.post\">\n\t\t\t\t\t\t\t<div class=\"elementor-loop-container elementor-grid\" role=\"list\">\n\t\t<style id=\"loop-1292\">.elementor-1292 .elementor-element.elementor-element-f7b3755{--display:flex;--flex-direction:column;--container-widget-width:100%;--container-widget-height:initial;--container-widget-flex-grow:0;--container-widget-align-self:initial;--flex-wrap-mobile:wrap;--gap:10px 0px;--row-gap:10px;--column-gap:0px;border-style:solid;--border-style:solid;border-width:1px 1px 1px 1px;--border-top-width:1px;--border-right-width:1px;--border-bottom-width:1px;--border-left-width:1px;border-color:#E0E0E0;--border-color:#E0E0E0;}.elementor-1292 .elementor-element.elementor-element-445ec27 img{width:100%;height:385px;object-fit:cover;object-position:center center;filter:brightness( 64% ) contrast( 100% ) saturate( 100% ) blur( 0px ) hue-rotate( 0deg );transition-duration:0.6s;}.elementor-1292 .elementor-element.elementor-element-445ec27:hover img{filter:brightness( 100% ) contrast( 100% ) saturate( 100% ) blur( 0px ) hue-rotate( 0deg );}.elementor-1292 .elementor-element.elementor-element-39edeb2 .elementor-heading-title{font-family:\"Inter\", Sans-serif;font-size:18px;}.elementor-1292 .elementor-element.elementor-element-aa5f26a .elementor-button{font-family:\"Montserrat\", Sans-serif;font-weight:700;text-transform:uppercase;font-style:italic;padding:10px 0px 10px 0px;}.elementor-1292 .elementor-element.elementor-element-aa5f26a .elementor-button:hover, .elementor-1292 .elementor-element.elementor-element-aa5f26a .elementor-button:focus{color:var( --e-global-color-72c466f );background-color:var( --e-global-color-text );}.elementor-1292 .elementor-element.elementor-element-aa5f26a .elementor-button:hover svg, .elementor-1292 .elementor-element.elementor-element-aa5f26a .elementor-button:focus svg{fill:var( --e-global-color-72c466f );}<\/style>\t\t<div data-elementor-type=\"loop-item\" data-elementor-id=\"1292\" class=\"elementor elementor-1292 e-loop-item e-loop-item-1461 post-1461 post type-post status-publish format-standard hentry category-uncategorized\" data-elementor-post-type=\"elementor_library\" data-custom-edit-handle=\"1\">\n\t\t\t<div class=\"elementor-element elementor-element-f7b3755 e-flex e-con-boxed e-con e-parent\" data-id=\"f7b3755\" data-element_type=\"container\" data-e-type=\"container\">\n\t\t\t\t\t<div class=\"e-con-inner\">\n\t\t\t\t<div class=\"elementor-element elementor-element-39edeb2 elementor-widget elementor-widget-theme-post-title elementor-page-title elementor-widget-heading\" data-id=\"39edeb2\" data-element_type=\"widget\" data-e-type=\"widget\" data-widget_type=\"theme-post-title.default\">\n\t\t\t\t\t<h3 class=\"elementor-heading-title elementor-size-default\">D\u00eener Strat\u00e9gique Grand Gen\u00e8ve 2026 : GAIGI mobilise l\u2019\u00e9cosyst\u00e8me genevois pour faire de Gen\u00e8ve le p\u00f4le mondial de la gouvernance de l\u2019IA<\/h3>\t\t\t\t<\/div>\n\t\t\t\t<div class=\"elementor-element elementor-element-aa5f26a elementor-align-justify elementor-widget elementor-widget-button\" data-id=\"aa5f26a\" data-element_type=\"widget\" data-e-type=\"widget\" data-widget_type=\"button.default\">\n\t\t\t\t\t\t\t\t\t\t<a class=\"elementor-button elementor-button-link elementor-size-sm\" href=\"https:\/\/www.gaigi.org\/en\/2026\/04\/08\/diner-strategique-grand-geneve-2026-gaigi-mobilise-lecosysteme-genevois-pour-faire-de-geneve-le-pole-mondial-de-la-gouvernance-de-lia\/\">\n\t\t\t\t\t\t<span class=\"elementor-button-content-wrapper\">\n\t\t\t\t\t\t\t\t\t<span class=\"elementor-button-text\">Read More<\/span>\n\t\t\t\t\t<\/span>\n\t\t\t\t\t<\/a>\n\t\t\t\t\t\t\t\t<\/div>\n\t\t\t\t\t<\/div>\n\t\t\t\t<\/div>\n\t\t\t\t<\/div>\n\t\t\t\t<div data-elementor-type=\"loop-item\" data-elementor-id=\"1292\" class=\"elementor elementor-1292 e-loop-item e-loop-item-1459 post-1459 post type-post status-publish format-standard hentry category-uncategorized\" data-elementor-post-type=\"elementor_library\" data-custom-edit-handle=\"1\">\n\t\t\t<div class=\"elementor-element elementor-element-f7b3755 e-flex e-con-boxed e-con e-parent\" data-id=\"f7b3755\" data-element_type=\"container\" data-e-type=\"container\">\n\t\t\t\t\t<div class=\"e-con-inner\">\n\t\t\t\t<div class=\"elementor-element elementor-element-39edeb2 elementor-widget elementor-widget-theme-post-title elementor-page-title elementor-widget-heading\" data-id=\"39edeb2\" data-element_type=\"widget\" data-e-type=\"widget\" data-widget_type=\"theme-post-title.default\">\n\t\t\t\t\t<h3 class=\"elementor-heading-title elementor-size-default\">Pourquoi l\u2019interop\u00e9rabilit\u00e9 r\u00e9glementaire de l\u2019IA est l\u2019enjeu commercial du 21\u00e8me si\u00e8cle<\/h3>\t\t\t\t<\/div>\n\t\t\t\t<div class=\"elementor-element elementor-element-aa5f26a elementor-align-justify elementor-widget elementor-widget-button\" data-id=\"aa5f26a\" data-element_type=\"widget\" data-e-type=\"widget\" data-widget_type=\"button.default\">\n\t\t\t\t\t\t\t\t\t\t<a class=\"elementor-button elementor-button-link elementor-size-sm\" href=\"https:\/\/www.gaigi.org\/en\/2026\/04\/08\/pourquoi-linteroperabilite-reglementaire-de-lia-est-lenjeu-commercial-du-21eme-siecle\/\">\n\t\t\t\t\t\t<span class=\"elementor-button-content-wrapper\">\n\t\t\t\t\t\t\t\t\t<span class=\"elementor-button-text\">Read More<\/span>\n\t\t\t\t\t<\/span>\n\t\t\t\t\t<\/a>\n\t\t\t\t\t\t\t\t<\/div>\n\t\t\t\t\t<\/div>\n\t\t\t\t<\/div>\n\t\t\t\t<\/div>\n\t\t\t\t<div data-elementor-type=\"loop-item\" data-elementor-id=\"1292\" class=\"elementor elementor-1292 e-loop-item e-loop-item-1457 post-1457 post type-post status-publish format-standard hentry category-uncategorized\" data-elementor-post-type=\"elementor_library\" data-custom-edit-handle=\"1\">\n\t\t\t<div class=\"elementor-element elementor-element-f7b3755 e-flex e-con-boxed e-con e-parent\" data-id=\"f7b3755\" data-element_type=\"container\" data-e-type=\"container\">\n\t\t\t\t\t<div class=\"e-con-inner\">\n\t\t\t\t<div class=\"elementor-element elementor-element-39edeb2 elementor-widget elementor-widget-theme-post-title elementor-page-title elementor-widget-heading\" data-id=\"39edeb2\" data-element_type=\"widget\" data-e-type=\"widget\" data-widget_type=\"theme-post-title.default\">\n\t\t\t\t\t<h3 class=\"elementor-heading-title elementor-size-default\">The Geneva Bridge : un m\u00e9canisme neutre pour le commerce num\u00e9rique inclusif<\/h3>\t\t\t\t<\/div>\n\t\t\t\t<div class=\"elementor-element elementor-element-aa5f26a elementor-align-justify elementor-widget elementor-widget-button\" data-id=\"aa5f26a\" data-element_type=\"widget\" data-e-type=\"widget\" data-widget_type=\"button.default\">\n\t\t\t\t\t\t\t\t\t\t<a class=\"elementor-button elementor-button-link elementor-size-sm\" href=\"https:\/\/www.gaigi.org\/en\/2026\/04\/08\/the-geneva-bridge-un-mecanisme-neutre-pour-le-commerce-numerique-inclusif\/\">\n\t\t\t\t\t\t<span class=\"elementor-button-content-wrapper\">\n\t\t\t\t\t\t\t\t\t<span class=\"elementor-button-text\">Read More<\/span>\n\t\t\t\t\t<\/span>\n\t\t\t\t\t<\/a>\n\t\t\t\t\t\t\t\t<\/div>\n\t\t\t\t\t<\/div>\n\t\t\t\t<\/div>\n\t\t\t\t<\/div>\n\t\t\t\t<\/div>\n\t\t\n\t\t\t\t\t\t<\/div>\n\t\t\t\t\t<\/div>\n\t\t\t\t<\/div>\n\t\t\t\t<\/div>\n\t\t","protected":false},"excerpt":{"rendered":"<p>Media News &amp; Blog Explore our latest insights on AI governance, digital diplomacy, and the policies shaping the future of [&hellip;]<\/p>\n","protected":false},"author":1,"featured_media":0,"parent":0,"menu_order":0,"comment_status":"closed","ping_status":"closed","template":"","meta":{"_acf_changed":false,"site-sidebar-layout":"no-sidebar","site-content-layout":"","ast-site-content-layout":"full-width-container","site-content-style":"default","site-sidebar-style":"default","ast-global-header-display":"","ast-banner-title-visibility":"","ast-main-header-display":"","ast-hfb-above-header-display":"","ast-hfb-below-header-display":"","ast-hfb-mobile-header-display":"","site-post-title":"","ast-breadcrumbs-content":"","ast-featured-img":"disabled","footer-sml-layout":"","ast-disable-related-posts":"","theme-transparent-header-meta":"","adv-header-id-meta":"","stick-header-meta":"","header-above-stick-meta":"","header-main-stick-meta":"","header-below-stick-meta":"","astra-migrate-meta-layouts":"default","ast-page-background-enabled":"default","ast-page-background-meta":{"desktop":{"background-color":"var(--ast-global-color-5)","background-image":"","background-repeat":"repeat","background-position":"center center","background-size":"auto","background-attachment":"scroll","background-type":"","background-media":"","overlay-type":"","overlay-color":"","overlay-opacity":"","overlay-gradient":""},"tablet":{"background-color":"","background-image":"","background-repeat":"repeat","background-position":"center center","background-size":"auto","background-attachment":"scroll","background-type":"","background-media":"","overlay-type":"","overlay-color":"","overlay-opacity":"","overlay-gradient":""},"mobile":{"background-color":"","background-image":"","background-repeat":"repeat","background-position":"center center","background-size":"auto","background-attachment":"scroll","background-type":"","background-media":"","overlay-type":"","overlay-color":"","overlay-opacity":"","overlay-gradient":""}},"ast-content-background-meta":{"desktop":{"background-color":"var(--ast-global-color-4)","background-image":"","background-repeat":"repeat","background-position":"center center","background-size":"auto","background-attachment":"scroll","background-type":"","background-media":"","overlay-type":"","overlay-color":"","overlay-opacity":"","overlay-gradient":""},"tablet":{"background-color":"var(--ast-global-color-4)","background-image":"","background-repeat":"repeat","background-position":"center center","background-size":"auto","background-attachment":"scroll","background-type":"","background-media":"","overlay-type":"","overlay-color":"","overlay-opacity":"","overlay-gradient":""},"mobile":{"background-color":"var(--ast-global-color-4)","background-image":"","background-repeat":"repeat","background-position":"center center","background-size":"auto","background-attachment":"scroll","background-type":"","background-media":"","overlay-type":"","overlay-color":"","overlay-opacity":"","overlay-gradient":""}},"footnotes":""},"class_list":["post-1055","page","type-page","status-publish","hentry"],"acf":[],"_links":{"self":[{"href":"https:\/\/www.gaigi.org\/en\/wp-json\/wp\/v2\/pages\/1055","targetHints":{"allow":["GET"]}}],"collection":[{"href":"https:\/\/www.gaigi.org\/en\/wp-json\/wp\/v2\/pages"}],"about":[{"href":"https:\/\/www.gaigi.org\/en\/wp-json\/wp\/v2\/types\/page"}],"author":[{"embeddable":true,"href":"https:\/\/www.gaigi.org\/en\/wp-json\/wp\/v2\/users\/1"}],"replies":[{"embeddable":true,"href":"https:\/\/www.gaigi.org\/en\/wp-json\/wp\/v2\/comments?post=1055"}],"version-history":[{"count":19,"href":"https:\/\/www.gaigi.org\/en\/wp-json\/wp\/v2\/pages\/1055\/revisions"}],"predecessor-version":[{"id":1601,"href":"https:\/\/www.gaigi.org\/en\/wp-json\/wp\/v2\/pages\/1055\/revisions\/1601"}],"wp:attachment":[{"href":"https:\/\/www.gaigi.org\/en\/wp-json\/wp\/v2\/media?parent=1055"}],"curies":[{"name":"wp","href":"https:\/\/api.w.org\/{rel}","templated":true}]}}